{"id":242846,"date":"2025-04-07T11:41:54","date_gmt":"2025-04-07T09:41:54","guid":{"rendered":"https:\/\/schaeffner-neu.freischwimmer.de.com\/?page_id=242846"},"modified":"2025-04-10T14:45:56","modified_gmt":"2025-04-10T12:45:56","slug":"veranstaltung","status":"publish","type":"page","link":"https:\/\/schaeffner-neu.freischwimmer.de.com\/index.php\/veranstaltung\/","title":{"rendered":"Veranstaltung"},"content":{"rendered":"<p>[et_pb_section fb_built=&#8220;1&#8243; _builder_version=&#8220;4.27.2&#8243; _module_preset=&#8220;default&#8220; positioning=&#8220;none&#8220; position_origin_a=&#8220;top_center&#8220; custom_margin=&#8220;0px|0px|0px|0px|false|false&#8220; custom_padding=&#8220;0px|0px|0px|0px|false|false&#8220; locked=&#8220;off&#8220; global_colors_info=&#8220;{}&#8220;][et_pb_row module_class=&#8220;startpage_header&#8220; _builder_version=&#8220;4.27.4&#8243; _module_preset=&#8220;default&#8220; width=&#8220;100%&#8220; max_width=&#8220;100%&#8220; min_height=&#8220;100%&#8220; min_height_tablet=&#8220;100%&#8220; min_height_phone=&#8220;100%&#8220; min_height_last_edited=&#8220;on|phone&#8220; custom_margin_tablet=&#8220;&#8220; custom_margin_phone=&#8220;0px||0px||false|false&#8220; custom_margin_last_edited=&#8220;on|phone&#8220; custom_padding=&#8220;0px||0px||false|false&#8220; global_colors_info=&#8220;{}&#8220;][et_pb_column type=&#8220;4_4&#8243; _builder_version=&#8220;4.25.1&#8243; _module_preset=&#8220;default&#8220; global_colors_info=&#8220;{}&#8220;][et_pb_slider show_arrows=&#8220;off&#8220; show_pagination=&#8220;off&#8220; disabled_on=&#8220;off|off|off&#8220; module_class=&#8220;startpage_header&#8220; _builder_version=&#8220;4.27.4&#8243; _module_preset=&#8220;default&#8220; header_font=&#8220;Lato||||||||&#8220; header_text_align=&#8220;center&#8220; header_font_size=&#8220;51px&#8220; header_line_height=&#8220;2em&#8220; body_font=&#8220;Avenir Heavy|||on|||||&#8220; body_font_size=&#8220;16px&#8220; use_background_color_gradient=&#8220;on&#8220; background_color_gradient_stops=&#8220;rgba(0,0,0,0.3) 0%|rgba(0,0,0,0) 20%|rgba(0,0,0,0.2) 60%|rgba(0,0,0,0.8) 100%&#8220; background_color_gradient_overlays_image=&#8220;on&#8220; custom_button=&#8220;on&#8220; button_text_size=&#8220;14px&#8220; button_text_color=&#8220;#FFFFFF&#8220; button_bg_color=&#8220;#000000&#8243; button_border_width=&#8220;0px&#8220; button_border_color=&#8220;RGBA(255,255,255,0)&#8220; button_border_radius=&#8220;0px&#8220; button_letter_spacing=&#8220;0px&#8220; button_font=&#8220;|||on|||||&#8220; button_use_icon=&#8220;off&#8220; button_custom_margin=&#8220;0px||||false|false&#8220; button_custom_padding=&#8220;16px|20px|12px|20px|false|false&#8220; custom_margin=&#8220;0px||0px||false|false&#8220; custom_margin_tablet=&#8220;0px||||false|false&#8220; custom_margin_phone=&#8220;0px||0px||false|false&#8220; custom_margin_last_edited=&#8220;on|phone&#8220; custom_padding=&#8220;||268px||false|false&#8220; auto=&#8220;on&#8220; hover_enabled=&#8220;0&#8243; header_font_size_tablet=&#8220;51px&#8220; header_font_size_phone=&#8220;32px&#8220; header_font_size_last_edited=&#8220;on|phone&#8220; header_letter_spacing_tablet=&#8220;&#8220; header_letter_spacing_phone=&#8220;&#8220; header_letter_spacing_last_edited=&#8220;on|phone&#8220; header_line_height_tablet=&#8220;1.2em&#8220; header_line_height_phone=&#8220;1.4em&#8220; header_line_height_last_edited=&#8220;on|phone&#8220; custom_css_free_form=&#8220;.et_pb_slide {||  padding: 0;||}||.et_pb_slide_description {||\twidth: 100%!important; ||  margin: 0 auto;||  text-align:center;||  display: flex;||  flex-direction: column-reverse;||}||||.et_pb_slide .et_pb_container {||  height:100%!important;||}||||.et_pb_slide_image { || filter: brightness(0) invert(1);|| margin-top: 0!important;||  top: unset!important;||  bottom: unset!important;||  }||||.et_pb_slides .et_pb_slider_container_inner {||    ||    height: 100%;||   ||}|||| .et_pb_slider_container_inner {||    display:flex!important;||    flex-direction:column-reverse!important;||    align-items: flex-end;||  }||||  .et_pb_slide_image img { ||\/*    position:absolute;*\/|| max-width:200px;||  }||||@media (min-width: 768px) {||  .et_pb_slide_image { ||width: auto;||    margin-right:40px;||    margin-bottom:40px;||  }|| ||}||||@media (max-width: 767px) {||  || ||   .et_pb_slide_image { ||     position: absolute;||     margin-bottom:40px!important;||display: block !important;||   }||  |||||| ||  }&#8220; global_colors_info=&#8220;{}&#8220; button_bg_color__hover_enabled=&#8220;on|desktop&#8220; button_text_color__hover_enabled=&#8220;on|desktop&#8220; button_bg_color__hover=&#8220;#FFFFFF&#8220; button_text_color__hover=&#8220;#000000&#8243; custom_css_slide_image_last_edited=&#8220;on|desktop&#8220; sticky_enabled=&#8220;0&#8243;][et_pb_slide heading=&#8220; <nobr>Made to Measure Days<\/nobr> <nobr>mit Dressler<\/nobr><nobr> und Van Laack<\/nobr>&#8220; image=&#8220;http:\/\/schaeffner-neu.freischwimmer.de.com\/wp-content\/uploads\/2025\/04\/Dressler_Logo_white_vector_final_web.png&#8220; _builder_version=&#8220;4.27.4&#8243; _module_preset=&#8220;default&#8220; body_font=&#8220;Avenir Heavy||||||||&#8220; background_color=&#8220;rgba(66,66,66,0)&#8220; background_enable_color=&#8220;on&#8220; background_image=&#8220;http:\/\/schaeffner-neu.freischwimmer.de.com\/wp-content\/uploads\/2025\/04\/dressler-looks-3&#215;2-spring-summer-2025-F1-web_Sakko-15_2-1920&#215;1280-1.jpg&#8220; background_enable_image=&#8220;on&#8220; hover_enabled=&#8220;0&#8243; global_colors_info=&#8220;{}&#8220; sticky_transition=&#8220;on&#8220; sticky_enabled=&#8220;0&#8243;]<\/p>\n<p style=\"text-align: center;\">Freitag 11. April von 10 bis 19 Uhr<br \/>Samstag 12. April von 10 bis 18 Uhr<\/p>\n<p>[\/et_pb_slide][\/et_pb_slider][\/et_pb_column][\/et_pb_row][\/et_pb_section][et_pb_section fb_built=&#8220;1&#8243; custom_padding_last_edited=&#8220;on|phone&#8220; admin_label=&#8220;Sektion&#8220; _builder_version=&#8220;4.27.4&#8243; _module_preset=&#8220;default&#8220; background_color=&#8220;#eaeaea&#8220; custom_margin=&#8220;|0px|0px|0px|false|false&#8220; custom_padding=&#8220;40px|0px||0px|false|false&#8220; custom_padding_tablet=&#8220;100px|0px|100px|0px|false|false&#8220; custom_padding_phone=&#8220;20px||20px||false|false&#8220; global_colors_info=&#8220;{}&#8220;][et_pb_row use_custom_gutter=&#8220;on&#8220; gutter_width=&#8220;4&#8243; make_equal=&#8220;on&#8220; _builder_version=&#8220;4.27.4&#8243; _module_preset=&#8220;default&#8220; width=&#8220;70%&#8220; width_tablet=&#8220;70%&#8220; width_phone=&#8220;100%&#8220; width_last_edited=&#8220;on|phone&#8220; max_width=&#8220;1728px&#8220; custom_margin=&#8220;|auto||auto|false|false&#8220; custom_margin_tablet=&#8220;||100px||false|false&#8220; custom_margin_phone=&#8220;|0px|0px|0px|false|false&#8220; custom_margin_last_edited=&#8220;on|phone&#8220; custom_padding=&#8220;|20px||20px|false|false&#8220; global_colors_info=&#8220;{}&#8220;][et_pb_column type=&#8220;4_4&#8243; module_class=&#8220;vertikal-zentrieren&#8220; _builder_version=&#8220;4.25.1&#8243; _module_preset=&#8220;default&#8220; global_colors_info=&#8220;{}&#8220;][et_pb_text disabled_on=&#8220;off|off|off&#8220; module_class=&#8220;textkasten&#8220; _builder_version=&#8220;4.27.4&#8243; _module_preset=&#8220;default&#8220; text_font=&#8220;||||||||&#8220; text_font_size=&#8220;16px&#8220; text_line_height=&#8220;1.6em&#8220; header_text_align=&#8220;center&#8220; header_text_color=&#8220;#444444&#8243; header_letter_spacing=&#8220;1px&#8220; header_2_font=&#8220;||||||||&#8220; header_2_text_align=&#8220;center&#8220; header_2_text_color=&#8220;#444444&#8243; header_2_font_size=&#8220;49px&#8220; header_2_line_height=&#8220;1.4em&#8220; header_3_font=&#8220;||||||||&#8220; header_3_text_align=&#8220;center&#8220; header_3_font_size=&#8220;32px&#8220; header_3_line_height=&#8220;1.2em&#8220; header_4_font=&#8220;|||on|||||&#8220; header_4_text_align=&#8220;center&#8220; header_4_font_size=&#8220;14px&#8220; header_4_line_height=&#8220;2em&#8220; background_enable_image=&#8220;off&#8220; background_size=&#8220;custom&#8220; background_image_width=&#8220;100%&#8220; background_position=&#8220;top_center&#8220; background_vertical_offset=&#8220;26%&#8220; text_orientation=&#8220;center&#8220; width=&#8220;100%&#8220; custom_padding=&#8220;35px||||false|false&#8220; custom_padding_tablet=&#8220;35px||||false|false&#8220; custom_padding_phone=&#8220;15px||||false|false&#8220; custom_padding_last_edited=&#8220;on|desktop&#8220; hover_enabled=&#8220;0&#8243; header_2_font_size_tablet=&#8220;49px&#8220; header_2_font_size_phone=&#8220;36px&#8220; header_2_font_size_last_edited=&#8220;on|desktop&#8220; header_3_font_size_tablet=&#8220;32px&#8220; header_3_font_size_phone=&#8220;20px&#8220; header_3_font_size_last_edited=&#8220;on|phone&#8220; locked=&#8220;off&#8220; global_colors_info=&#8220;{}&#8220; sticky_enabled=&#8220;0&#8243;]<\/p>\n<h3>Freitag 11. April von 10 bis 19 Uhr<br \/>Samstag 12. April von 10 bis 18 Uhr<\/h3>\n<p><img loading=\"lazy\" decoding=\"async\" src=\"http:\/\/schaeffner-neu.freischwimmer.de.com\/wp-content\/uploads\/2025\/04\/f68ae9ad-159e-99fc-91be-b9311614e4d3-300x213.jpg\" width=\"300\" height=\"213\" alt=\"\" class=\"wp-image-242912 alignnone size-medium\" \/><\/p>\n<p><strong>Erleben Sie Masskonfektion der Extraklasse<\/strong><br \/><strong>mit Eduard Dressler und van Laack<\/strong><\/p>\n<p>Wir laden Sie sehr herzlich zu unseren traditionellen Ma\u00dftagen mit unseren Premiumpartnern Dressler und van Laack ein.<\/p>\n<p>Besuchen Sie uns auf der Steinstra\u00dfe 16-18 und kreieren Sie Ihr pers\u00f6nliches Unikat.<\/p>\n<p>Beide Kollektionen bieten Ihnen eine reichhaltige Auswahl an besonderen Stoffen und Modellvarianten.<\/p>\n<p>Wir bitten Sie um eine Terminvereinbarung, um Sie bestm\u00f6glich beraten zu k\u00f6nnen.<\/p>\n<p>Freuen Sie sich au\u00dferdem auf ma\u00dfgeschneiderte K\u00f6stlichkeiten aus dem Hause Delikatessen Franken.<\/p>\n<p>Wir freuen uns sehr auf Sie!<\/p>\n<p><img loading=\"lazy\" decoding=\"async\" class=\"size-medium wp-image-242150 aligncenter\" src=\"http:\/\/schaeffner-neu.freischwimmer.de.com\/wp-content\/uploads\/2025\/03\/signatur-300x69.png\" alt=\"\" width=\"300\" height=\"69\" \/><\/p>\n<p>[\/et_pb_text][\/et_pb_column][\/et_pb_row][\/et_pb_section]<\/p>\n","protected":false},"excerpt":{"rendered":"<p>Freitag 11. April von 10 bis 19 UhrSamstag 12. April von 10 bis 18 UhrFreitag 11. April von 10 bis 19 UhrSamstag 12. April von 10 bis 18 Uhr Erleben Sie Masskonfektion der Extraklassemit Eduard Dressler und van Laack Wir laden Sie sehr herzlich zu unseren traditionellen Ma\u00dftagen mit unseren Premiumpartnern Dressler und van Laack [&hellip;]<\/p>\n","protected":false},"author":1,"featured_media":0,"parent":0,"menu_order":0,"comment_status":"closed","ping_status":"closed","template":"","meta":{"_et_pb_use_builder":"on","_et_pb_old_content":"","_et_gb_content_width":"","inline_featured_image":false,"footnotes":""},"class_list":["post-242846","page","type-page","status-publish","hentry"],"_links":{"self":[{"href":"https:\/\/schaeffner-neu.freischwimmer.de.com\/index.php\/wp-json\/wp\/v2\/pages\/242846","targetHints":{"allow":["GET"]}}],"collection":[{"href":"https:\/\/schaeffner-neu.freischwimmer.de.com\/index.php\/wp-json\/wp\/v2\/pages"}],"about":[{"href":"https:\/\/schaeffner-neu.freischwimmer.de.com\/index.php\/wp-json\/wp\/v2\/types\/page"}],"author":[{"embeddable":true,"href":"https:\/\/schaeffner-neu.freischwimmer.de.com\/index.php\/wp-json\/wp\/v2\/users\/1"}],"replies":[{"embeddable":true,"href":"https:\/\/schaeffner-neu.freischwimmer.de.com\/index.php\/wp-json\/wp\/v2\/comments?post=242846"}],"version-history":[{"count":24,"href":"https:\/\/schaeffner-neu.freischwimmer.de.com\/index.php\/wp-json\/wp\/v2\/pages\/242846\/revisions"}],"predecessor-version":[{"id":242914,"href":"https:\/\/schaeffner-neu.freischwimmer.de.com\/index.php\/wp-json\/wp\/v2\/pages\/242846\/revisions\/242914"}],"wp:attachment":[{"href":"https:\/\/schaeffner-neu.freischwimmer.de.com\/index.php\/wp-json\/wp\/v2\/media?parent=242846"}],"curies":[{"name":"wp","href":"https:\/\/api.w.org\/{rel}","templated":true}]}}